{"id":87,"date":"2014-01-23T18:53:41","date_gmt":"2014-01-23T16:53:41","guid":{"rendered":"http:\/\/deraltemann.com\/?page_id=87"},"modified":"2015-08-27T21:23:06","modified_gmt":"2015-08-27T19:23:06","slug":"takt-is-tango","status":"publish","type":"page","link":"https:\/\/deraltemann.com\/?page_id=87","title":{"rendered":"Takt is&#8216; Tango"},"content":{"rendered":"<p>Alle, die dabei waren, m\u00fcssen hier nicht weiterlesen &#8211; f\u00fcr die Nachgeborenen gibt es aber dennoch einen kleinen Einblick in das Programm&#8230;<\/p>\n<blockquote><p>Lady Carneval &#8211; Wenn auch die Jahre vergeh\u2018n &#8211; Sieben F\u00e4sser Wein &#8211; Meines Vaters Sohn\u00a0 Schwarze Madonna &#8211; Anita &#8211; Santa Maria &#8211; Ein Festival der Liebe &#8211; LA International Airport &#8211; \u00a0Kufsteinlied &#8211; Die kleine Kneipe &#8211; Tr\u00e4nen l\u00fcgen nicht &#8211; Beautiful Sunday &#8211; Ich m\u00f6cht\u2018 so gern Dave Dudley h\u00f6r\u2018n &#8211; Morning Sky &#8211; Auf der Reeperbahn &#8211; Aber Dich gibt\u2018s nur einmal f\u00fcr mich &#8211; My Way &#8211; Es steht ein Haus in New Orleans &#8211; Lady in Black &#8211; Dschinghis Khan &#8211; Mackie Messer \u00a0&#8211; Eine neue Liebe ist wie ein neues Leben &#8211; Beim alten Bill in Oklahoma &#8211; S\u2018 ist Feierabend &#8211; Take it easy, altes Haus &#8211; Hey Amigo Charlie Brown &#8211; Der Wilde, Wilde Westen &#8211; Geisterreiter &#8211; Mit 17 f\u00e4ngt das Leben erst an &#8211; Du entschuldige, ich kenn Dich &#8211; Rivers of Babylon &#8211; Rote Lippen soll man k\u00fcssen &#8211; La Paloma &#8211; Marina &#8211; Ein Bett im Kornfeld &#8211; Lucille &#8211; Abschied &#8211; Aloha Oe &#8211; Hallo Bimmelbahn &#8211; Wann liegen wir uns wieder in den Armen, Barbara &#8211; Jackson &#8211; Sierra Madre \u00a0&#8211; Marmor, Stein und Eisen bricht &#8211; Mendocino &#8211; T\u00fcr an T\u00fcr mit Alice &#8211; Pretty Belinda \u00a0&#8211; Kriminaltango &#8211; Sag\u2018 mir Quando, sag mir wann &#8211; Buona Sera &#8211; Mexican Girl &#8211; Dans op de Deel &#8211; Piraten der Liebe &#8211; Rosamunde &#8211; Ich komm zur\u00fcck nach Amarillo &#8211; Lieb mich ein letztes Mal &#8211; Kreuzberger N\u00e4chte&#8230;<\/p><\/blockquote>\n<p>&nbsp;<\/p>\n","protected":false},"excerpt":{"rendered":"<p>Alle, die dabei waren, m\u00fcssen hier nicht weiterlesen &#8211; f\u00fcr die Nachgeborenen gibt es aber dennoch einen kleinen Einblick in das Programm&#8230; Lady Carneval &#8211; Wenn auch die Jahre vergeh\u2018n &#8211; Sieben F\u00e4sser Wein &#8211; Meines Vaters Sohn\u00a0 Schwarze Madonna &#8211; Anita &#8211; Santa Maria &#8211; Ein Festival der Liebe &#8230;<\/p>\n","protected":false},"author":1,"featured_media":0,"parent":0,"menu_order":0,"comment_status":"closed","ping_status":"open","template":"","meta":[],"_links":{"self":[{"href":"https:\/\/deraltemann.com\/index.php?rest_route=\/wp\/v2\/pages\/87"}],"collection":[{"href":"https:\/\/deraltemann.com\/index.php?rest_route=\/wp\/v2\/pages"}],"about":[{"href":"https:\/\/deraltemann.com\/index.php?rest_route=\/wp\/v2\/types\/page"}],"author":[{"embeddable":true,"href":"https:\/\/deraltemann.com\/index.php?rest_route=\/wp\/v2\/users\/1"}],"replies":[{"embeddable":true,"href":"https:\/\/deraltemann.com\/index.php?rest_route=%2Fwp%2Fv2%2Fcomments&post=87"}],"version-history":[{"count":7,"href":"https:\/\/deraltemann.com\/index.php?rest_route=\/wp\/v2\/pages\/87\/revisions"}],"predecessor-version":[{"id":283,"href":"https:\/\/deraltemann.com\/index.php?rest_route=\/wp\/v2\/pages\/87\/revisions\/283"}],"wp:attachment":[{"href":"https:\/\/deraltemann.com\/index.php?rest_route=%2Fwp%2Fv2%2Fmedia&parent=87"}],"curies":[{"name":"wp","href":"https:\/\/api.w.org\/{rel}","templated":true}]}}