{"id":15,"date":"2014-01-23T13:12:53","date_gmt":"2014-01-23T11:12:53","guid":{"rendered":"http:\/\/deraltemann.com\/?page_id=15"},"modified":"2018-05-24T23:33:22","modified_gmt":"2018-05-24T21:33:22","slug":"el-ritmo-fatal","status":"publish","type":"page","link":"https:\/\/deraltemann.com\/?page_id=15","title":{"rendered":"El Ritmo Fatal"},"content":{"rendered":"<p>Sie sind das R\u00fcckgrat, das Herz, das Nervensystem &#8211; sie sind die Band hinter Der Alte Mann. Die Generation der Nachgeborenen, die die Lieblingsmusik der M\u00fctter und V\u00e4ter nur noch aus Erz\u00e4hlungen kennt. Dennoch stellen Sie sich der \u00fcbermenschlichen Aufgabe, der klassischen Tanzmusik neues Leben einzuhauchen.<\/p>\n<p>Manuel Ohlemeyer, Mark Schneider, Kai-Uwe und Thomas Lange . Ihr Weg f\u00fchrte \u00fcber Rock &#8217;n Roll, Punkrock, Top40, Marschmusik, Country und Western wieder zu der Musik ihrer Eltern. Es war nicht alles einfach &#8211; aber sie sahen, dass es gut war.<\/p>\n<p>Wo in fr\u00fcherer Zeit dr\u00f6hnende Gitarren und elektronische Klangerzeuger den Ton angaben, dominieren nun wohlfeile Orgelkl\u00e4nge, ein sattes Rhythmusfundament und vor allen Dingen der Spa\u00df am Spiel.<\/p>\n<p>Diese Band nimmt Sie mit auf eine Reise &#8211; seien Sie dabei &#8211; EL RITMO FATAL<\/p>\n<p>&nbsp;<\/p>\n","protected":false},"excerpt":{"rendered":"<p>Sie sind das R\u00fcckgrat, das Herz, das Nervensystem &#8211; sie sind die Band hinter Der Alte Mann. Die Generation der Nachgeborenen, die die Lieblingsmusik der M\u00fctter und V\u00e4ter nur noch aus Erz\u00e4hlungen kennt. Dennoch stellen Sie sich der \u00fcbermenschlichen Aufgabe, der klassischen Tanzmusik neues Leben einzuhauchen. Manuel Ohlemeyer, Mark Schneider, &#8230;<\/p>\n","protected":false},"author":1,"featured_media":0,"parent":0,"menu_order":0,"comment_status":"closed","ping_status":"open","template":"","meta":[],"_links":{"self":[{"href":"https:\/\/deraltemann.com\/index.php?rest_route=\/wp\/v2\/pages\/15"}],"collection":[{"href":"https:\/\/deraltemann.com\/index.php?rest_route=\/wp\/v2\/pages"}],"about":[{"href":"https:\/\/deraltemann.com\/index.php?rest_route=\/wp\/v2\/types\/page"}],"author":[{"embeddable":true,"href":"https:\/\/deraltemann.com\/index.php?rest_route=\/wp\/v2\/users\/1"}],"replies":[{"embeddable":true,"href":"https:\/\/deraltemann.com\/index.php?rest_route=%2Fwp%2Fv2%2Fcomments&post=15"}],"version-history":[{"count":14,"href":"https:\/\/deraltemann.com\/index.php?rest_route=\/wp\/v2\/pages\/15\/revisions"}],"predecessor-version":[{"id":299,"href":"https:\/\/deraltemann.com\/index.php?rest_route=\/wp\/v2\/pages\/15\/revisions\/299"}],"wp:attachment":[{"href":"https:\/\/deraltemann.com\/index.php?rest_route=%2Fwp%2Fv2%2Fmedia&parent=15"}],"curies":[{"name":"wp","href":"https:\/\/api.w.org\/{rel}","templated":true}]}}