{"id":13,"date":"2014-01-23T13:16:25","date_gmt":"2014-01-23T11:16:25","guid":{"rendered":"http:\/\/deraltemann.com\/?page_id=13"},"modified":"2014-01-24T15:25:56","modified_gmt":"2014-01-24T13:25:56","slug":"der-alte-mann","status":"publish","type":"page","link":"https:\/\/deraltemann.com\/?page_id=13","title":{"rendered":"Der Alte Mann"},"content":{"rendered":"<p>&#8230;sind eigentlich zwei. Die letzten ihrer Art m\u00f6chte man meinen. Gestandene M\u00e4nner, die ihre musikalischen Sporen in den wilden 1960er und 1970er Jahren verdient haben und nun, nachdem die Kinder aus dem Haus sind, den Sprung zur\u00fcck wagen &#8211; auf die ganz gro\u00dfen und die ganz kleinen B\u00fchnen.<\/p>\n<figure id=\"attachment_62\" aria-describedby=\"caption-attachment-62\" style=\"width: 275px\" class=\"wp-caption alignleft\"><a href=\"http:\/\/deraltemann.com\/wp-content\/uploads\/2014\/01\/18-e1390486664179.jpg\"><img loading=\"lazy\" class=\"size-medium wp-image-62 \" alt=\"F-Dur - Mann...\" src=\"http:\/\/deraltemann.com\/wp-content\/uploads\/2014\/01\/18-e1390486664179-275x300.jpg\" width=\"275\" height=\"300\" srcset=\"https:\/\/deraltemann.com\/wp-content\/uploads\/2014\/01\/18-e1390486664179-275x300.jpg 275w, https:\/\/deraltemann.com\/wp-content\/uploads\/2014\/01\/18-e1390486664179-939x1024.jpg 939w\" sizes=\"(max-width: 275px) 100vw, 275px\" \/><\/a><figcaption id=\"caption-attachment-62\" class=\"wp-caption-text\">F-Dur &#8211; Mann&#8230;<\/figcaption><\/figure>\n<p>Fritz und G\u00fcnter Lange &#8211; zogen dereinst mit ihren Mitmusikern Kalle Fr\u00f6hning, Fred Damke und Cilly Horstmann vom kleinen S\u00fcdhemmern aus in die gro\u00dfe Welt, um sie mit ihrer Musik zum Tanzen und Tr\u00e4umen ein kleines bisschen besser machen. Zumindest f\u00fcr einen Abend oder zwei. Hochzeiten, Geburtstage, Polterabende &#8211; Zelte, S\u00e4le und Scheunen. Nichts war vor den beiden Helden des gepflegten Dur-Akkords sicher. Sie haben in den 1970er Jahren im Gro\u00dfraum OWL geheiratet? Schauen Sie in Ihr Fotoalbum &#8211; mit hoher Wahrscheinlichkeit erblicken Sie die beiden auf dem einen oder anderen Foto.<\/p>\n<p>Doch es kam wie so oft. Der Job, das Haus, die Kinder &#8211; die Zeit f\u00fcr die Musik wurde immer weniger und w\u00e4hrend David Hasselhoff mit programmierten Beats die deutsche Einheit herbeisang, gaben G\u00fcnter und Fritz das Showbusiness auf.<\/p>\n<p>Bis jetzt. 2013 erlebte die fulminante R\u00fcckkehr der Br\u00fcder mit einer starken Backing-Band, neuen und alten Songs und vor allen Dingen &#8211; mit ganz viel Begeisterung. Nun stehen ihnen alle T\u00fcren offen &#8211; der Weg f\u00fchrt nur nach vorn.<\/p>\n<figure id=\"attachment_173\" aria-describedby=\"caption-attachment-173\" style=\"width: 300px\" class=\"wp-caption alignright\"><a href=\"http:\/\/deraltemann.com\/wp-content\/uploads\/2014\/01\/DSC_0113.jpg\"><img loading=\"lazy\" class=\"size-medium wp-image-173 \" alt=\"Fritz &amp; G\u00fcnter - DER ALTE MANN\" src=\"http:\/\/deraltemann.com\/wp-content\/uploads\/2014\/01\/DSC_0113-300x199.jpg\" width=\"300\" height=\"199\" srcset=\"https:\/\/deraltemann.com\/wp-content\/uploads\/2014\/01\/DSC_0113-300x199.jpg 300w, https:\/\/deraltemann.com\/wp-content\/uploads\/2014\/01\/DSC_0113-1024x680.jpg 1024w, https:\/\/deraltemann.com\/wp-content\/uploads\/2014\/01\/DSC_0113-700x464.jpg 700w, https:\/\/deraltemann.com\/wp-content\/uploads\/2014\/01\/DSC_0113-332x220.jpg 332w, https:\/\/deraltemann.com\/wp-content\/uploads\/2014\/01\/DSC_0113.jpg 1200w\" sizes=\"(max-width: 300px) 100vw, 300px\" \/><\/a><figcaption id=\"caption-attachment-173\" class=\"wp-caption-text\">Fritz &amp; G\u00fcnter &#8211; DER ALTE MANN<\/figcaption><\/figure>\n<p>W\u00e4hrend andere Musiker von Sequenzen, Technobeats und verzerrten Gitarren leben, erblickt man hier noch die Alte Schule der Tanzmusik. Das Keyboard heisst noch Orgel, die Drums &amp; Percussions noch Schlagzeug. Mehrstimmiger Gesang kommt aus goldenen Kehlen und nicht vom Band. Lautst\u00e4rke ist nicht Mittel zum Zweck.<\/p>\n<p>Sie treten den Beweis an. Tanzmusik ist Lebensfreude, f\u00fcr alle von 8 bis 88 &#8211; Also B\u00dcHNE FREI &#8211; hier kommt DER ALTE MANN<\/p>\n<p>&nbsp;<\/p>\n<p>&nbsp;<\/p>\n","protected":false},"excerpt":{"rendered":"<p>&#8230;sind eigentlich zwei. Die letzten ihrer Art m\u00f6chte man meinen. Gestandene M\u00e4nner, die ihre musikalischen Sporen in den wilden 1960er und 1970er Jahren verdient haben und nun, nachdem die Kinder aus dem Haus sind, den Sprung zur\u00fcck wagen &#8211; auf die ganz gro\u00dfen und die ganz kleinen B\u00fchnen. Fritz und &#8230;<\/p>\n","protected":false},"author":1,"featured_media":62,"parent":0,"menu_order":0,"comment_status":"closed","ping_status":"open","template":"","meta":[],"_links":{"self":[{"href":"https:\/\/deraltemann.com\/index.php?rest_route=\/wp\/v2\/pages\/13"}],"collection":[{"href":"https:\/\/deraltemann.com\/index.php?rest_route=\/wp\/v2\/pages"}],"about":[{"href":"https:\/\/deraltemann.com\/index.php?rest_route=\/wp\/v2\/types\/page"}],"author":[{"embeddable":true,"href":"https:\/\/deraltemann.com\/index.php?rest_route=\/wp\/v2\/users\/1"}],"replies":[{"embeddable":true,"href":"https:\/\/deraltemann.com\/index.php?rest_route=%2Fwp%2Fv2%2Fcomments&post=13"}],"version-history":[{"count":7,"href":"https:\/\/deraltemann.com\/index.php?rest_route=\/wp\/v2\/pages\/13\/revisions"}],"predecessor-version":[{"id":212,"href":"https:\/\/deraltemann.com\/index.php?rest_route=\/wp\/v2\/pages\/13\/revisions\/212"}],"wp:featuredmedia":[{"embeddable":true,"href":"https:\/\/deraltemann.com\/index.php?rest_route=\/wp\/v2\/media\/62"}],"wp:attachment":[{"href":"https:\/\/deraltemann.com\/index.php?rest_route=%2Fwp%2Fv2%2Fmedia&parent=13"}],"curies":[{"name":"wp","href":"https:\/\/api.w.org\/{rel}","templated":true}]}}